{"id":164,"date":"2025-04-24T10:31:10","date_gmt":"2025-04-24T13:31:10","guid":{"rendered":"https:\/\/renovassessoriacontabil.com.br\/?page_id=164"},"modified":"2025-04-24T11:15:45","modified_gmt":"2025-04-24T14:15:45","slug":"quem-somos","status":"publish","type":"page","link":"https:\/\/renovassessoriacontabil.com.br\/index.php\/quem-somos\/","title":{"rendered":"Quem somos"},"content":{"rendered":"\t\t<div data-elementor-type=\"wp-page\" data-elementor-id=\"164\" class=\"elementor elementor-164\" data-elementor-settings=\"{&quot;ha_cmc_init_switcher&quot;:&quot;no&quot;}\">\n\t\t\t\t<div class=\"elementor-element elementor-element-2a36640 e-flex e-con-boxed e-con e-parent\" data-id=\"2a36640\" data-element_type=\"container\" data-settings=\"{&quot;_ha_eqh_enable&quot;:false}\">\n\t\t\t\t\t<div class=\"e-con-inner\">\n\t\t<div class=\"elementor-element elementor-element-4fd1c77 e-con-full e-flex e-con e-child\" data-id=\"4fd1c77\" data-element_type=\"container\" data-settings=\"{&quot;_ha_eqh_enable&quot;:false}\">\n\t\t\t\t<div class=\"elementor-element elementor-element-6b12504 elementor-widget__width-initial elementor-widget elementor-widget-heading\" data-id=\"6b12504\" data-element_type=\"widget\" data-widget_type=\"heading.default\">\n\t\t\t\t<div class=\"elementor-widget-container\">\n\t\t\t\t\t<h2 class=\"elementor-heading-title elementor-size-default\">Quem <span style=\"color:#9d0202\">Somos<\/span><\/h2>\t\t\t\t<\/div>\n\t\t\t\t<\/div>\n\t\t\t\t<div class=\"elementor-element elementor-element-1f7f7a3 elementor-widget__width-initial elementor-widget elementor-widget-heading\" data-id=\"1f7f7a3\" data-element_type=\"widget\" data-widget_type=\"heading.default\">\n\t\t\t\t<div class=\"elementor-widget-container\">\n\t\t\t\t\t<h2 class=\"elementor-heading-title elementor-size-default\">Desde a funda\u00e7\u00e3o em 2007, nossa empresa re\u00fane em seu quadro societ\u00e1rio profissionais experientes na presta\u00e7\u00e3o de servi\u00e7os cont\u00e1beis, fiscais e trabalhistas para pequenas, m\u00e9dias e grandes empresas. Oferecemos servi\u00e7os cont\u00e1beis, fiscais e trabalhistas para nossos clientes e parceiros de forma personalizada.\u200b<\/h2>\t\t\t\t<\/div>\n\t\t\t\t<\/div>\n\t\t\t\t<\/div>\n\t\t<div class=\"elementor-element elementor-element-753df82 e-con-full elementor-hidden-tablet elementor-hidden-mobile e-flex e-con e-child\" data-id=\"753df82\" data-element_type=\"container\" data-settings=\"{&quot;_ha_eqh_enable&quot;:false}\">\n\t\t\t\t<div class=\"elementor-element elementor-element-7dae44c elementor-widget elementor-widget-image\" data-id=\"7dae44c\" data-element_type=\"widget\" data-widget_type=\"image.default\">\n\t\t\t\t<div class=\"elementor-widget-container\">\n\t\t\t\t\t\t\t\t\t\t\t\t\t\t\t<img fetchpriority=\"high\" decoding=\"async\" width=\"800\" height=\"600\" src=\"https:\/\/renovassessoriacontabil.com.br\/wp-content\/uploads\/2025\/04\/Imagem-do-WhatsApp-de-2025-04-24-as-10.43.52_e41fc857-1024x768.webp\" class=\"attachment-large size-large wp-image-177\" alt=\"\" srcset=\"https:\/\/renovassessoriacontabil.com.br\/wp-content\/uploads\/2025\/04\/Imagem-do-WhatsApp-de-2025-04-24-as-10.43.52_e41fc857-1024x768.webp 1024w, https:\/\/renovassessoriacontabil.com.br\/wp-content\/uploads\/2025\/04\/Imagem-do-WhatsApp-de-2025-04-24-as-10.43.52_e41fc857-300x225.webp 300w, https:\/\/renovassessoriacontabil.com.br\/wp-content\/uploads\/2025\/04\/Imagem-do-WhatsApp-de-2025-04-24-as-10.43.52_e41fc857-768x576.webp 768w, https:\/\/renovassessoriacontabil.com.br\/wp-content\/uploads\/2025\/04\/Imagem-do-WhatsApp-de-2025-04-24-as-10.43.52_e41fc857-1536x1152.webp 1536w, https:\/\/renovassessoriacontabil.com.br\/wp-content\/uploads\/2025\/04\/Imagem-do-WhatsApp-de-2025-04-24-as-10.43.52_e41fc857.webp 1600w\" sizes=\"(max-width: 800px) 100vw, 800px\" \/>\t\t\t\t\t\t\t\t\t\t\t\t\t\t\t<\/div>\n\t\t\t\t<\/div>\n\t\t\t\t<\/div>\n\t\t<div class=\"elementor-element elementor-element-710bdfb e-con-full elementor-hidden-desktop e-flex e-con e-child\" data-id=\"710bdfb\" data-element_type=\"container\" data-settings=\"{&quot;_ha_eqh_enable&quot;:false}\">\n\t\t\t\t<div class=\"elementor-element elementor-element-7163d99 elementor-widget elementor-widget-image\" data-id=\"7163d99\" data-element_type=\"widget\" data-widget_type=\"image.default\">\n\t\t\t\t<div class=\"elementor-widget-container\">\n\t\t\t\t\t\t\t\t\t\t\t\t\t\t\t<img decoding=\"async\" width=\"768\" height=\"1024\" src=\"https:\/\/renovassessoriacontabil.com.br\/wp-content\/uploads\/2025\/04\/Imagem-do-WhatsApp-de-2025-04-24-as-10.40.52_41277da0-768x1024.webp\" class=\"attachment-large size-large wp-image-178\" alt=\"\" srcset=\"https:\/\/renovassessoriacontabil.com.br\/wp-content\/uploads\/2025\/04\/Imagem-do-WhatsApp-de-2025-04-24-as-10.40.52_41277da0-768x1024.webp 768w, https:\/\/renovassessoriacontabil.com.br\/wp-content\/uploads\/2025\/04\/Imagem-do-WhatsApp-de-2025-04-24-as-10.40.52_41277da0-225x300.webp 225w, https:\/\/renovassessoriacontabil.com.br\/wp-content\/uploads\/2025\/04\/Imagem-do-WhatsApp-de-2025-04-24-as-10.40.52_41277da0-1152x1536.webp 1152w, https:\/\/renovassessoriacontabil.com.br\/wp-content\/uploads\/2025\/04\/Imagem-do-WhatsApp-de-2025-04-24-as-10.40.52_41277da0.webp 1200w\" sizes=\"(max-width: 768px) 100vw, 768px\" \/>\t\t\t\t\t\t\t\t\t\t\t\t\t\t\t<\/div>\n\t\t\t\t<\/div>\n\t\t\t\t<\/div>\n\t\t\t\t\t<\/div>\n\t\t\t\t<\/div>\n\t\t<div class=\"elementor-element elementor-element-80640ad e-flex e-con-boxed e-con e-parent\" data-id=\"80640ad\" data-element_type=\"container\" data-settings=\"{&quot;_ha_eqh_enable&quot;:false}\">\n\t\t\t\t\t<div class=\"e-con-inner\">\n\t\t<div class=\"elementor-element elementor-element-8daf743 e-con-full e-flex e-con e-child\" data-id=\"8daf743\" data-element_type=\"container\" data-settings=\"{&quot;_ha_eqh_enable&quot;:false}\">\n\t\t\t\t<div class=\"elementor-element elementor-element-373e00c elementor-widget elementor-widget-image\" data-id=\"373e00c\" data-element_type=\"widget\" data-widget_type=\"image.default\">\n\t\t\t\t<div class=\"elementor-widget-container\">\n\t\t\t\t\t\t\t\t\t\t\t\t\t\t\t<img decoding=\"async\" width=\"569\" height=\"636\" src=\"https:\/\/renovassessoriacontabil.com.br\/wp-content\/uploads\/2025\/04\/Rectangle-1x.png\" class=\"attachment-large size-large wp-image-187\" alt=\"\" srcset=\"https:\/\/renovassessoriacontabil.com.br\/wp-content\/uploads\/2025\/04\/Rectangle-1x.png 569w, https:\/\/renovassessoriacontabil.com.br\/wp-content\/uploads\/2025\/04\/Rectangle-1x-268x300.png 268w\" sizes=\"(max-width: 569px) 100vw, 569px\" \/>\t\t\t\t\t\t\t\t\t\t\t\t\t\t\t<\/div>\n\t\t\t\t<\/div>\n\t\t\t\t<\/div>\n\t\t<div class=\"elementor-element elementor-element-bf30a11 e-con-full e-flex e-con e-child\" data-id=\"bf30a11\" data-element_type=\"container\" data-settings=\"{&quot;_ha_eqh_enable&quot;:false}\">\n\t\t\t\t<div class=\"elementor-element elementor-element-4c982ee elementor-widget__width-initial elementor-widget elementor-widget-heading\" data-id=\"4c982ee\" data-element_type=\"widget\" data-widget_type=\"heading.default\">\n\t\t\t\t<div class=\"elementor-widget-container\">\n\t\t\t\t\t<h2 class=\"elementor-heading-title elementor-size-default\">Conhe\u00e7a a nossa <span style=\"color:#9d0202\">CEO<\/span><\/h2>\t\t\t\t<\/div>\n\t\t\t\t<\/div>\n\t\t\t\t<div class=\"elementor-element elementor-element-dbb1c45 elementor-widget__width-initial elementor-widget elementor-widget-heading\" data-id=\"dbb1c45\" data-element_type=\"widget\" data-widget_type=\"heading.default\">\n\t\t\t\t<div class=\"elementor-widget-container\">\n\t\t\t\t\t<h2 class=\"elementor-heading-title elementor-size-default\">Luciane da Silveira \u00e9 CEO da Renov, empresa especializada em solu\u00e7\u00f5es cont\u00e1beis modernas e estrat\u00e9gicas. Com s\u00f3lida forma\u00e7\u00e3o e atua\u00e7\u00e3o nas \u00e1reas cont\u00e1bil e jur\u00eddica, Luciane combina expertise t\u00e9cnica com vis\u00e3o empresarial, oferecendo uma lideran\u00e7a focada em inova\u00e7\u00e3o, transpar\u00eancia e resultados. Advogada e especialista em contabilidade, ela tem se destacado por sua capacidade de integrar conhecimento jur\u00eddico \u00e0 pr\u00e1tica cont\u00e1bil, agregando valor aos servi\u00e7os prestados e contribuindo para o crescimento sustent\u00e1vel dos clientes da Renov.<\/h2>\t\t\t\t<\/div>\n\t\t\t\t<\/div>\n\t\t\t\t<\/div>\n\t\t\t\t\t<\/div>\n\t\t\t\t<\/div>\n\t\t<div class=\"elementor-element elementor-element-34cb097 e-flex e-con-boxed e-con e-parent\" data-id=\"34cb097\" data-element_type=\"container\" data-settings=\"{&quot;background_background&quot;:&quot;classic&quot;,&quot;_ha_eqh_enable&quot;:false}\">\n\t\t\t\t\t<div class=\"e-con-inner\">\n\t\t<div class=\"elementor-element elementor-element-b6b1b3d e-con-full e-flex e-con e-child\" data-id=\"b6b1b3d\" data-element_type=\"container\" data-settings=\"{&quot;_ha_eqh_enable&quot;:false}\">\n\t\t\t\t<div class=\"elementor-element elementor-element-6937cc2 elementor-widget__width-initial elementor-widget elementor-widget-heading\" data-id=\"6937cc2\" data-element_type=\"widget\" data-widget_type=\"heading.default\">\n\t\t\t\t<div class=\"elementor-widget-container\">\n\t\t\t\t\t<h2 class=\"elementor-heading-title elementor-size-default\">Renov - Assessoria em\nContabilidade<\/h2>\t\t\t\t<\/div>\n\t\t\t\t<\/div>\n\t\t\t\t<div class=\"elementor-element elementor-element-f3203e5 elementor-widget__width-initial elementor-mobile-align-left elementor-icon-list--layout-traditional elementor-list-item-link-full_width elementor-widget elementor-widget-icon-list\" data-id=\"f3203e5\" data-element_type=\"widget\" data-widget_type=\"icon-list.default\">\n\t\t\t\t<div class=\"elementor-widget-container\">\n\t\t\t\t\t\t\t<ul class=\"elementor-icon-list-items\">\n\t\t\t\t\t\t\t<li class=\"elementor-icon-list-item\">\n\t\t\t\t\t\t\t\t\t\t\t<span class=\"elementor-icon-list-icon\">\n\t\t\t\t\t\t\t<i aria-hidden=\"true\" class=\"huge huge-telephone\"><\/i>\t\t\t\t\t\t<\/span>\n\t\t\t\t\t\t\t\t\t\t<span class=\"elementor-icon-list-text\"> Telefone: +55 (22) 98851-7036<\/span>\n\t\t\t\t\t\t\t\t\t<\/li>\n\t\t\t\t\t\t\t\t<li class=\"elementor-icon-list-item\">\n\t\t\t\t\t\t\t\t\t\t\t<span class=\"elementor-icon-list-icon\">\n\t\t\t\t\t\t\t<i aria-hidden=\"true\" class=\"fab fa-whatsapp\"><\/i>\t\t\t\t\t\t<\/span>\n\t\t\t\t\t\t\t\t\t\t<span class=\"elementor-icon-list-text\"> WhatsApp: +55 (22) 2661-6629<\/span>\n\t\t\t\t\t\t\t\t\t<\/li>\n\t\t\t\t\t\t\t\t<li class=\"elementor-icon-list-item\">\n\t\t\t\t\t\t\t\t\t\t\t<span class=\"elementor-icon-list-icon\">\n\t\t\t\t\t\t\t<i aria-hidden=\"true\" class=\"huge huge-mail-add-02\"><\/i>\t\t\t\t\t\t<\/span>\n\t\t\t\t\t\t\t\t\t\t<span class=\"elementor-icon-list-text\"> E-mail: contato@contacassessoria.com.br<\/span>\n\t\t\t\t\t\t\t\t\t<\/li>\n\t\t\t\t\t\t\t\t<li class=\"elementor-icon-list-item\">\n\t\t\t\t\t\t\t\t\t\t\t<span class=\"elementor-icon-list-icon\">\n\t\t\t\t\t\t\t<i aria-hidden=\"true\" class=\"huge huge-location-check-02\"><\/i>\t\t\t\t\t\t<\/span>\n\t\t\t\t\t\t\t\t\t\t<span class=\"elementor-icon-list-text\"> Endere\u00e7o: Av. Get\u00falio Vargas, 221 - 706\/707 - Centro, Araruama - RJ, 28.979-129<\/span>\n\t\t\t\t\t\t\t\t\t<\/li>\n\t\t\t\t\t\t<\/ul>\n\t\t\t\t\t\t<\/div>\n\t\t\t\t<\/div>\n\t\t\t\t<\/div>\n\t\t<div class=\"elementor-element elementor-element-491cefd e-con-full e-flex e-con e-child\" data-id=\"491cefd\" data-element_type=\"container\" data-settings=\"{&quot;_ha_eqh_enable&quot;:false}\">\n\t\t\t\t<div class=\"elementor-element elementor-element-bd162b3 elementor-shape-rounded elementor-grid-0 e-grid-align-center elementor-widget elementor-widget-social-icons\" data-id=\"bd162b3\" data-element_type=\"widget\" data-widget_type=\"social-icons.default\">\n\t\t\t\t<div class=\"elementor-widget-container\">\n\t\t\t\t\t\t\t<div class=\"elementor-social-icons-wrapper elementor-grid\">\n\t\t\t\t\t\t\t<span class=\"elementor-grid-item\">\n\t\t\t\t\t<a class=\"elementor-icon elementor-social-icon elementor-social-icon-instagram elementor-repeater-item-785c420\" target=\"_blank\">\n\t\t\t\t\t\t<span class=\"elementor-screen-only\">Instagram<\/span>\n\t\t\t\t\t\t<i class=\"fab fa-instagram\"><\/i>\t\t\t\t\t<\/a>\n\t\t\t\t<\/span>\n\t\t\t\t\t\t\t<span class=\"elementor-grid-item\">\n\t\t\t\t\t<a class=\"elementor-icon elementor-social-icon elementor-social-icon-linkedin elementor-repeater-item-4260df9\" target=\"_blank\">\n\t\t\t\t\t\t<span class=\"elementor-screen-only\">Linkedin<\/span>\n\t\t\t\t\t\t<i class=\"fab fa-linkedin\"><\/i>\t\t\t\t\t<\/a>\n\t\t\t\t<\/span>\n\t\t\t\t\t\t\t<span class=\"elementor-grid-item\">\n\t\t\t\t\t<a class=\"elementor-icon elementor-social-icon elementor-social-icon-facebook elementor-repeater-item-c32ed3f\" target=\"_blank\">\n\t\t\t\t\t\t<span class=\"elementor-screen-only\">Facebook<\/span>\n\t\t\t\t\t\t<i class=\"fab fa-facebook\"><\/i>\t\t\t\t\t<\/a>\n\t\t\t\t<\/span>\n\t\t\t\t\t<\/div>\n\t\t\t\t\t\t<\/div>\n\t\t\t\t<\/div>\n\t\t\t\t<\/div>\n\t\t\t\t\t<\/div>\n\t\t\t\t<\/div>\n\t\t<div class=\"elementor-element elementor-element-e7a3f10 e-flex e-con-boxed e-con e-parent\" data-id=\"e7a3f10\" data-element_type=\"container\" data-settings=\"{&quot;background_background&quot;:&quot;classic&quot;,&quot;_ha_eqh_enable&quot;:false}\">\n\t\t\t\t\t<div class=\"e-con-inner\">\n\t\t\t\t<div class=\"elementor-element elementor-element-aba627c elementor-widget__width-initial elementor-widget elementor-widget-heading\" data-id=\"aba627c\" data-element_type=\"widget\" data-widget_type=\"heading.default\">\n\t\t\t\t<div class=\"elementor-widget-container\">\n\t\t\t\t\t<h2 class=\"elementor-heading-title elementor-size-default\">\u00a9 2025 Renov Assessoria em Contabilidade | Todos os Direitos Reservados.<\/h2>\t\t\t\t<\/div>\n\t\t\t\t<\/div>\n\t\t\t\t\t<\/div>\n\t\t\t\t<\/div>\n\t\t\t\t<\/div>\n\t\t","protected":false},"excerpt":{"rendered":"<p>Quem Somos Desde a funda\u00e7\u00e3o em 2007, nossa empresa re\u00fane em seu quadro societ\u00e1rio profissionais experientes na presta\u00e7\u00e3o de servi\u00e7os cont\u00e1beis, fiscais e trabalhistas para pequenas, m\u00e9dias e grandes empresas. Oferecemos servi\u00e7os cont\u00e1beis, fiscais e trabalhistas para nossos clientes e parceiros de forma personalizada.\u200b Conhe\u00e7a a nossa CEO Luciane da Silveira \u00e9 CEO da Renov, [&hellip;]<\/p>\n","protected":false},"author":1,"featured_media":0,"parent":0,"menu_order":0,"comment_status":"closed","ping_status":"closed","template":"elementor_header_footer","meta":{"footnotes":""},"class_list":["post-164","page","type-page","status-publish","hentry"],"_links":{"self":[{"href":"https:\/\/renovassessoriacontabil.com.br\/index.php\/wp-json\/wp\/v2\/pages\/164","targetHints":{"allow":["GET"]}}],"collection":[{"href":"https:\/\/renovassessoriacontabil.com.br\/index.php\/wp-json\/wp\/v2\/pages"}],"about":[{"href":"https:\/\/renovassessoriacontabil.com.br\/index.php\/wp-json\/wp\/v2\/types\/page"}],"author":[{"embeddable":true,"href":"https:\/\/renovassessoriacontabil.com.br\/index.php\/wp-json\/wp\/v2\/users\/1"}],"replies":[{"embeddable":true,"href":"https:\/\/renovassessoriacontabil.com.br\/index.php\/wp-json\/wp\/v2\/comments?post=164"}],"version-history":[{"count":19,"href":"https:\/\/renovassessoriacontabil.com.br\/index.php\/wp-json\/wp\/v2\/pages\/164\/revisions"}],"predecessor-version":[{"id":193,"href":"https:\/\/renovassessoriacontabil.com.br\/index.php\/wp-json\/wp\/v2\/pages\/164\/revisions\/193"}],"wp:attachment":[{"href":"https:\/\/renovassessoriacontabil.com.br\/index.php\/wp-json\/wp\/v2\/media?parent=164"}],"curies":[{"name":"wp","href":"https:\/\/api.w.org\/{rel}","templated":true}]}}