{"id":182,"date":"2025-04-24T10:57:30","date_gmt":"2025-04-24T13:57:30","guid":{"rendered":"https:\/\/renovassessoriacontabil.com.br\/?page_id=182"},"modified":"2025-04-24T16:56:08","modified_gmt":"2025-04-24T19:56:08","slug":"servicos","status":"publish","type":"page","link":"https:\/\/renovassessoriacontabil.com.br\/index.php\/servicos\/","title":{"rendered":"Servi\u00e7os"},"content":{"rendered":"\t\t<div data-elementor-type=\"wp-page\" data-elementor-id=\"182\" class=\"elementor elementor-182\" data-elementor-settings=\"{&quot;ha_cmc_init_switcher&quot;:&quot;no&quot;}\">\n\t\t\t\t<div class=\"elementor-element elementor-element-2ddea26 e-flex e-con-boxed e-con e-parent\" data-id=\"2ddea26\" data-element_type=\"container\" data-settings=\"{&quot;_ha_eqh_enable&quot;:false}\">\n\t\t\t\t\t<div class=\"e-con-inner\">\n\t\t<div class=\"elementor-element elementor-element-644d5ca e-con-full e-flex e-con e-child\" data-id=\"644d5ca\" data-element_type=\"container\" data-settings=\"{&quot;_ha_eqh_enable&quot;:false}\">\n\t\t\t\t<div class=\"elementor-element elementor-element-4e63866 elementor-widget__width-initial elementor-widget elementor-widget-heading\" data-id=\"4e63866\" data-element_type=\"widget\" data-widget_type=\"heading.default\">\n\t\t\t\t<div class=\"elementor-widget-container\">\n\t\t\t\t\t<h2 class=\"elementor-heading-title elementor-size-default\">SERVI\u00c7OS<\/h2>\t\t\t\t<\/div>\n\t\t\t\t<\/div>\n\t\t\t\t<div class=\"elementor-element elementor-element-b4ab8f3 elementor-widget__width-initial elementor-widget elementor-widget-heading\" data-id=\"b4ab8f3\" data-element_type=\"widget\" data-widget_type=\"heading.default\">\n\t\t\t\t<div class=\"elementor-widget-container\">\n\t\t\t\t\t<h2 class=\"elementor-heading-title elementor-size-default\">Conhe\u00e7a todos as nossas solu\u00e7\u00f5es para a sua empresa<\/h2>\t\t\t\t<\/div>\n\t\t\t\t<\/div>\n\t\t\t\t<\/div>\n\t\t\t\t\t<\/div>\n\t\t\t\t<\/div>\n\t\t<div class=\"elementor-element elementor-element-dc49f50 e-flex e-con-boxed e-con e-parent\" data-id=\"dc49f50\" data-element_type=\"container\" data-settings=\"{&quot;_ha_eqh_enable&quot;:false}\">\n\t\t\t\t\t<div class=\"e-con-inner\">\n\t\t<div class=\"elementor-element elementor-element-4459293 e-con-full e-flex e-con e-child\" data-id=\"4459293\" data-element_type=\"container\" data-settings=\"{&quot;background_background&quot;:&quot;classic&quot;,&quot;_ha_eqh_enable&quot;:false}\">\n\t\t\t\t<div class=\"elementor-element elementor-element-c082de2 elementor-widget elementor-widget-image\" data-id=\"c082de2\" data-element_type=\"widget\" data-widget_type=\"image.default\">\n\t\t\t\t<div class=\"elementor-widget-container\">\n\t\t\t\t\t\t\t\t\t\t\t\t\t\t\t<img fetchpriority=\"high\" decoding=\"async\" width=\"464\" height=\"466\" src=\"https:\/\/renovassessoriacontabil.com.br\/wp-content\/uploads\/2025\/02\/Frame-5.png\" class=\"attachment-large size-large wp-image-133\" alt=\"\" srcset=\"https:\/\/renovassessoriacontabil.com.br\/wp-content\/uploads\/2025\/02\/Frame-5.png 464w, https:\/\/renovassessoriacontabil.com.br\/wp-content\/uploads\/2025\/02\/Frame-5-300x300.png 300w, https:\/\/renovassessoriacontabil.com.br\/wp-content\/uploads\/2025\/02\/Frame-5-150x150.png 150w\" sizes=\"(max-width: 464px) 100vw, 464px\" \/>\t\t\t\t\t\t\t\t\t\t\t\t\t\t\t<\/div>\n\t\t\t\t<\/div>\n\t\t\t\t<div class=\"elementor-element elementor-element-01f24f0 elementor-widget__width-initial elementor-widget-mobile__width-initial elementor-widget elementor-widget-icon-box\" data-id=\"01f24f0\" data-element_type=\"widget\" data-widget_type=\"icon-box.default\">\n\t\t\t\t<div class=\"elementor-widget-container\">\n\t\t\t\t\t\t\t<div class=\"elementor-icon-box-wrapper\">\n\n\t\t\t\n\t\t\t\t\t\t<div class=\"elementor-icon-box-content\">\n\n\t\t\t\t\t\t\t\t\t<h3 class=\"elementor-icon-box-title\">\n\t\t\t\t\t\t<span  >\n\t\t\t\t\t\t\tAssessoria \nfinanceira estr\u00e1tegica \t\t\t\t\t\t<\/span>\n\t\t\t\t\t<\/h3>\n\t\t\t\t\n\t\t\t\t\t\t\t\t\t<p class=\"elementor-icon-box-description\">\n\t\t\t\t\t\tTransformamos dados financeiros em decis\u00f5es assertivas. Com planejamento e an\u00e1lise especializada, ajudamos sua empresa a crescer com mais lucro, organiza\u00e7\u00e3o e vis\u00e3o de futuro.\t\t\t\t\t<\/p>\n\t\t\t\t\n\t\t\t<\/div>\n\t\t\t\n\t\t<\/div>\n\t\t\t\t\t\t<\/div>\n\t\t\t\t<\/div>\n\t\t\t\t<div class=\"elementor-element elementor-element-4976811 elementor-align-left elementor-widget__width-initial elementor-mobile-align-center button elementor-widget elementor-widget-button\" data-id=\"4976811\" data-element_type=\"widget\" data-widget_type=\"button.default\">\n\t\t\t\t<div class=\"elementor-widget-container\">\n\t\t\t\t\t\t\t\t\t<div class=\"elementor-button-wrapper\">\n\t\t\t\t\t<a class=\"elementor-button elementor-button-link elementor-size-sm\" href=\"#\">\n\t\t\t\t\t\t<span class=\"elementor-button-content-wrapper\">\n\t\t\t\t\t\t\t\t\t<span class=\"elementor-button-text\">Fale conosco<\/span>\n\t\t\t\t\t<\/span>\n\t\t\t\t\t<\/a>\n\t\t\t\t<\/div>\n\t\t\t\t\t\t\t\t<\/div>\n\t\t\t\t<\/div>\n\t\t\t\t<\/div>\n\t\t<div class=\"elementor-element elementor-element-3fbbd9e e-con-full e-flex e-con e-child\" data-id=\"3fbbd9e\" data-element_type=\"container\" data-settings=\"{&quot;background_background&quot;:&quot;classic&quot;,&quot;_ha_eqh_enable&quot;:false}\">\n\t\t\t\t<div class=\"elementor-element elementor-element-33e974e elementor-widget elementor-widget-image\" data-id=\"33e974e\" data-element_type=\"widget\" data-widget_type=\"image.default\">\n\t\t\t\t<div class=\"elementor-widget-container\">\n\t\t\t\t\t\t\t\t\t\t\t\t\t\t\t<img decoding=\"async\" width=\"464\" height=\"466\" src=\"https:\/\/renovassessoriacontabil.com.br\/wp-content\/uploads\/2025\/02\/Frame-7.png\" class=\"attachment-large size-large wp-image-126\" alt=\"\" srcset=\"https:\/\/renovassessoriacontabil.com.br\/wp-content\/uploads\/2025\/02\/Frame-7.png 464w, https:\/\/renovassessoriacontabil.com.br\/wp-content\/uploads\/2025\/02\/Frame-7-300x300.png 300w, https:\/\/renovassessoriacontabil.com.br\/wp-content\/uploads\/2025\/02\/Frame-7-150x150.png 150w\" sizes=\"(max-width: 464px) 100vw, 464px\" \/>\t\t\t\t\t\t\t\t\t\t\t\t\t\t\t<\/div>\n\t\t\t\t<\/div>\n\t\t\t\t<div class=\"elementor-element elementor-element-0f0f920 elementor-widget__width-initial elementor-widget elementor-widget-icon-box\" data-id=\"0f0f920\" data-element_type=\"widget\" data-widget_type=\"icon-box.default\">\n\t\t\t\t<div class=\"elementor-widget-container\">\n\t\t\t\t\t\t\t<div class=\"elementor-icon-box-wrapper\">\n\n\t\t\t\n\t\t\t\t\t\t<div class=\"elementor-icon-box-content\">\n\n\t\t\t\t\t\t\t\t\t<h3 class=\"elementor-icon-box-title\">\n\t\t\t\t\t\t<span  >\n\t\t\t\t\t\t\tImposto de Renda\t\t\t\t\t\t<\/span>\n\t\t\t\t\t<\/h3>\n\t\t\t\t\n\t\t\t\t\t\t\t\t\t<p class=\"elementor-icon-box-description\">\n\t\t\t\t\t\tEvite erros e garanta sua restitui\u00e7\u00e3o m\u00e1xima. Cuidamos da sua declara\u00e7\u00e3o de Imposto de Renda com precis\u00e3o, agilidade e total seguran\u00e7a para voc\u00ea ou sua empresa.\t\t\t\t\t<\/p>\n\t\t\t\t\n\t\t\t<\/div>\n\t\t\t\n\t\t<\/div>\n\t\t\t\t\t\t<\/div>\n\t\t\t\t<\/div>\n\t\t\t\t<div class=\"elementor-element elementor-element-2a01562 elementor-align-left elementor-widget__width-initial elementor-mobile-align-center button elementor-widget elementor-widget-button\" data-id=\"2a01562\" data-element_type=\"widget\" data-widget_type=\"button.default\">\n\t\t\t\t<div class=\"elementor-widget-container\">\n\t\t\t\t\t\t\t\t\t<div class=\"elementor-button-wrapper\">\n\t\t\t\t\t<a class=\"elementor-button elementor-button-link elementor-size-sm\" href=\"#\">\n\t\t\t\t\t\t<span class=\"elementor-button-content-wrapper\">\n\t\t\t\t\t\t\t\t\t<span class=\"elementor-button-text\">Fale conosco<\/span>\n\t\t\t\t\t<\/span>\n\t\t\t\t\t<\/a>\n\t\t\t\t<\/div>\n\t\t\t\t\t\t\t\t<\/div>\n\t\t\t\t<\/div>\n\t\t\t\t<\/div>\n\t\t<div class=\"elementor-element elementor-element-906ed9f e-con-full e-flex e-con e-child\" data-id=\"906ed9f\" data-element_type=\"container\" data-settings=\"{&quot;background_background&quot;:&quot;classic&quot;,&quot;_ha_eqh_enable&quot;:false}\">\n\t\t\t\t<div class=\"elementor-element elementor-element-b5ad748 elementor-widget elementor-widget-image\" data-id=\"b5ad748\" data-element_type=\"widget\" data-widget_type=\"image.default\">\n\t\t\t\t<div class=\"elementor-widget-container\">\n\t\t\t\t\t\t\t\t\t\t\t\t\t\t\t<img decoding=\"async\" width=\"464\" height=\"466\" src=\"https:\/\/renovassessoriacontabil.com.br\/wp-content\/uploads\/2025\/02\/Frame-9.png\" class=\"attachment-large size-large wp-image-128\" alt=\"\" srcset=\"https:\/\/renovassessoriacontabil.com.br\/wp-content\/uploads\/2025\/02\/Frame-9.png 464w, https:\/\/renovassessoriacontabil.com.br\/wp-content\/uploads\/2025\/02\/Frame-9-300x300.png 300w, https:\/\/renovassessoriacontabil.com.br\/wp-content\/uploads\/2025\/02\/Frame-9-150x150.png 150w\" sizes=\"(max-width: 464px) 100vw, 464px\" \/>\t\t\t\t\t\t\t\t\t\t\t\t\t\t\t<\/div>\n\t\t\t\t<\/div>\n\t\t\t\t<div class=\"elementor-element elementor-element-25e8460 elementor-widget__width-initial elementor-widget elementor-widget-icon-box\" data-id=\"25e8460\" data-element_type=\"widget\" data-widget_type=\"icon-box.default\">\n\t\t\t\t<div class=\"elementor-widget-container\">\n\t\t\t\t\t\t\t<div class=\"elementor-icon-box-wrapper\">\n\n\t\t\t\n\t\t\t\t\t\t<div class=\"elementor-icon-box-content\">\n\n\t\t\t\t\t\t\t\t\t<h3 class=\"elementor-icon-box-title\">\n\t\t\t\t\t\t<span  >\n\t\t\t\t\t\t\tAssessoria Trib\u00fataria\t\t\t\t\t\t<\/span>\n\t\t\t\t\t<\/h3>\n\t\t\t\t\n\t\t\t\t\t\t\t\t\t<p class=\"elementor-icon-box-description\">\n\t\t\t\t\t\tReduza riscos e pague menos impostos, dentro da lei. Oferecemos estrat\u00e9gias inteligentes para otimizar a carga tribut\u00e1ria e manter sua empresa sempre regularizada.\t\t\t\t\t<\/p>\n\t\t\t\t\n\t\t\t<\/div>\n\t\t\t\n\t\t<\/div>\n\t\t\t\t\t\t<\/div>\n\t\t\t\t<\/div>\n\t\t\t\t<div class=\"elementor-element elementor-element-8f58b03 elementor-align-left elementor-widget__width-initial elementor-mobile-align-center button elementor-widget elementor-widget-button\" data-id=\"8f58b03\" data-element_type=\"widget\" data-widget_type=\"button.default\">\n\t\t\t\t<div class=\"elementor-widget-container\">\n\t\t\t\t\t\t\t\t\t<div class=\"elementor-button-wrapper\">\n\t\t\t\t\t<a class=\"elementor-button elementor-button-link elementor-size-sm\" href=\"#\">\n\t\t\t\t\t\t<span class=\"elementor-button-content-wrapper\">\n\t\t\t\t\t\t\t\t\t<span class=\"elementor-button-text\">Fale conosco<\/span>\n\t\t\t\t\t<\/span>\n\t\t\t\t\t<\/a>\n\t\t\t\t<\/div>\n\t\t\t\t\t\t\t\t<\/div>\n\t\t\t\t<\/div>\n\t\t\t\t<\/div>\n\t\t\t\t\t<\/div>\n\t\t\t\t<\/div>\n\t\t<div class=\"elementor-element elementor-element-25b49d5 e-flex e-con-boxed e-con e-parent\" data-id=\"25b49d5\" data-element_type=\"container\" data-settings=\"{&quot;_ha_eqh_enable&quot;:false}\">\n\t\t\t\t\t<div class=\"e-con-inner\">\n\t\t<div class=\"elementor-element elementor-element-0f97c4b e-con-full e-flex e-con e-child\" data-id=\"0f97c4b\" data-element_type=\"container\" data-settings=\"{&quot;background_background&quot;:&quot;classic&quot;,&quot;_ha_eqh_enable&quot;:false}\">\n\t\t\t\t<div class=\"elementor-element elementor-element-9f5d389 elementor-widget elementor-widget-image\" data-id=\"9f5d389\" data-element_type=\"widget\" data-widget_type=\"image.default\">\n\t\t\t\t<div class=\"elementor-widget-container\">\n\t\t\t\t\t\t\t\t\t\t\t\t\t\t\t<img loading=\"lazy\" decoding=\"async\" width=\"464\" height=\"466\" src=\"https:\/\/renovassessoriacontabil.com.br\/wp-content\/uploads\/2025\/02\/Frame-11.png\" class=\"attachment-large size-large wp-image-130\" alt=\"\" srcset=\"https:\/\/renovassessoriacontabil.com.br\/wp-content\/uploads\/2025\/02\/Frame-11.png 464w, https:\/\/renovassessoriacontabil.com.br\/wp-content\/uploads\/2025\/02\/Frame-11-300x300.png 300w, https:\/\/renovassessoriacontabil.com.br\/wp-content\/uploads\/2025\/02\/Frame-11-150x150.png 150w\" sizes=\"(max-width: 464px) 100vw, 464px\" \/>\t\t\t\t\t\t\t\t\t\t\t\t\t\t\t<\/div>\n\t\t\t\t<\/div>\n\t\t\t\t<div class=\"elementor-element elementor-element-4cea39b elementor-widget__width-initial elementor-widget elementor-widget-icon-box\" data-id=\"4cea39b\" data-element_type=\"widget\" data-widget_type=\"icon-box.default\">\n\t\t\t\t<div class=\"elementor-widget-container\">\n\t\t\t\t\t\t\t<div class=\"elementor-icon-box-wrapper\">\n\n\t\t\t\n\t\t\t\t\t\t<div class=\"elementor-icon-box-content\">\n\n\t\t\t\t\t\t\t\t\t<h3 class=\"elementor-icon-box-title\">\n\t\t\t\t\t\t<span  >\n\t\t\t\t\t\t\tTrocar meu contador\t\t\t\t\t\t<\/span>\n\t\t\t\t\t<\/h3>\n\t\t\t\t\n\t\t\t\t\t\t\t\t\t<p class=\"elementor-icon-box-description\">\n\t\t\t\t\t\tEst\u00e1 insatisfeito com seu contador? Fazemos a transi\u00e7\u00e3o de forma simples e segura, cuidando de toda a burocracia para voc\u00ea come\u00e7ar a contar com um atendimento cont\u00e1bil de verdade.\n\t\t\t\t\t<\/p>\n\t\t\t\t\n\t\t\t<\/div>\n\t\t\t\n\t\t<\/div>\n\t\t\t\t\t\t<\/div>\n\t\t\t\t<\/div>\n\t\t\t\t<div class=\"elementor-element elementor-element-20023be elementor-align-left elementor-widget__width-initial elementor-mobile-align-center button elementor-widget elementor-widget-button\" data-id=\"20023be\" data-element_type=\"widget\" data-widget_type=\"button.default\">\n\t\t\t\t<div class=\"elementor-widget-container\">\n\t\t\t\t\t\t\t\t\t<div class=\"elementor-button-wrapper\">\n\t\t\t\t\t<a class=\"elementor-button elementor-button-link elementor-size-sm\" href=\"#\">\n\t\t\t\t\t\t<span class=\"elementor-button-content-wrapper\">\n\t\t\t\t\t\t\t\t\t<span class=\"elementor-button-text\">Fale conosco<\/span>\n\t\t\t\t\t<\/span>\n\t\t\t\t\t<\/a>\n\t\t\t\t<\/div>\n\t\t\t\t\t\t\t\t<\/div>\n\t\t\t\t<\/div>\n\t\t\t\t<\/div>\n\t\t<div class=\"elementor-element elementor-element-0f144c0 e-con-full e-flex e-con e-child\" data-id=\"0f144c0\" data-element_type=\"container\" data-settings=\"{&quot;background_background&quot;:&quot;classic&quot;,&quot;_ha_eqh_enable&quot;:false}\">\n\t\t\t\t<div class=\"elementor-element elementor-element-616b1d5 elementor-widget elementor-widget-image\" data-id=\"616b1d5\" data-element_type=\"widget\" data-widget_type=\"image.default\">\n\t\t\t\t<div class=\"elementor-widget-container\">\n\t\t\t\t\t\t\t\t\t\t\t\t\t\t\t<img loading=\"lazy\" decoding=\"async\" width=\"464\" height=\"466\" src=\"https:\/\/renovassessoriacontabil.com.br\/wp-content\/uploads\/2025\/02\/Frame-8.png\" class=\"attachment-large size-large wp-image-127\" alt=\"\" srcset=\"https:\/\/renovassessoriacontabil.com.br\/wp-content\/uploads\/2025\/02\/Frame-8.png 464w, https:\/\/renovassessoriacontabil.com.br\/wp-content\/uploads\/2025\/02\/Frame-8-300x300.png 300w, https:\/\/renovassessoriacontabil.com.br\/wp-content\/uploads\/2025\/02\/Frame-8-150x150.png 150w\" sizes=\"(max-width: 464px) 100vw, 464px\" \/>\t\t\t\t\t\t\t\t\t\t\t\t\t\t\t<\/div>\n\t\t\t\t<\/div>\n\t\t\t\t<div class=\"elementor-element elementor-element-f679033 elementor-widget__width-initial elementor-widget elementor-widget-icon-box\" data-id=\"f679033\" data-element_type=\"widget\" data-widget_type=\"icon-box.default\">\n\t\t\t\t<div class=\"elementor-widget-container\">\n\t\t\t\t\t\t\t<div class=\"elementor-icon-box-wrapper\">\n\n\t\t\t\n\t\t\t\t\t\t<div class=\"elementor-icon-box-content\">\n\n\t\t\t\t\t\t\t\t\t<h3 class=\"elementor-icon-box-title\">\n\t\t\t\t\t\t<span  >\n\t\t\t\t\t\t\tContabilidade especializada\t\t\t\t\t\t<\/span>\n\t\t\t\t\t<\/h3>\n\t\t\t\t\n\t\t\t\t\t\t\t\t\t<p class=\"elementor-icon-box-description\">\n\t\t\t\t\t\tSolu\u00e7\u00f5es cont\u00e1beis feitas sob medida para o seu neg\u00f3cio. Atuamos com foco em resultado, compliance e apoio estrat\u00e9gico, entregando muito mais que obriga\u00e7\u00f5es fiscais.\t\t\t\t\t<\/p>\n\t\t\t\t\n\t\t\t<\/div>\n\t\t\t\n\t\t<\/div>\n\t\t\t\t\t\t<\/div>\n\t\t\t\t<\/div>\n\t\t\t\t<div class=\"elementor-element elementor-element-a150c46 elementor-align-left elementor-widget__width-initial elementor-mobile-align-center button elementor-widget elementor-widget-button\" data-id=\"a150c46\" data-element_type=\"widget\" data-widget_type=\"button.default\">\n\t\t\t\t<div class=\"elementor-widget-container\">\n\t\t\t\t\t\t\t\t\t<div class=\"elementor-button-wrapper\">\n\t\t\t\t\t<a class=\"elementor-button elementor-button-link elementor-size-sm\" href=\"#\">\n\t\t\t\t\t\t<span class=\"elementor-button-content-wrapper\">\n\t\t\t\t\t\t\t\t\t<span class=\"elementor-button-text\">Fale conosco<\/span>\n\t\t\t\t\t<\/span>\n\t\t\t\t\t<\/a>\n\t\t\t\t<\/div>\n\t\t\t\t\t\t\t\t<\/div>\n\t\t\t\t<\/div>\n\t\t\t\t<\/div>\n\t\t<div class=\"elementor-element elementor-element-fd666c6 e-con-full e-flex e-con e-child\" data-id=\"fd666c6\" data-element_type=\"container\" data-settings=\"{&quot;background_background&quot;:&quot;classic&quot;,&quot;_ha_eqh_enable&quot;:false}\">\n\t\t\t\t<div class=\"elementor-element elementor-element-2a061c0 elementor-widget elementor-widget-image\" data-id=\"2a061c0\" data-element_type=\"widget\" data-widget_type=\"image.default\">\n\t\t\t\t<div class=\"elementor-widget-container\">\n\t\t\t\t\t\t\t\t\t\t\t\t\t\t\t<img loading=\"lazy\" decoding=\"async\" width=\"464\" height=\"466\" src=\"https:\/\/renovassessoriacontabil.com.br\/wp-content\/uploads\/2025\/02\/Frame-12.png\" class=\"attachment-large size-large wp-image-131\" alt=\"\" srcset=\"https:\/\/renovassessoriacontabil.com.br\/wp-content\/uploads\/2025\/02\/Frame-12.png 464w, https:\/\/renovassessoriacontabil.com.br\/wp-content\/uploads\/2025\/02\/Frame-12-300x300.png 300w, https:\/\/renovassessoriacontabil.com.br\/wp-content\/uploads\/2025\/02\/Frame-12-150x150.png 150w\" sizes=\"(max-width: 464px) 100vw, 464px\" \/>\t\t\t\t\t\t\t\t\t\t\t\t\t\t\t<\/div>\n\t\t\t\t<\/div>\n\t\t\t\t<div class=\"elementor-element elementor-element-3969b9d elementor-widget__width-initial elementor-widget elementor-widget-icon-box\" data-id=\"3969b9d\" data-element_type=\"widget\" data-widget_type=\"icon-box.default\">\n\t\t\t\t<div class=\"elementor-widget-container\">\n\t\t\t\t\t\t\t<div class=\"elementor-icon-box-wrapper\">\n\n\t\t\t\n\t\t\t\t\t\t<div class=\"elementor-icon-box-content\">\n\n\t\t\t\t\t\t\t\t\t<h3 class=\"elementor-icon-box-title\">\n\t\t\t\t\t\t<span  >\n\t\t\t\t\t\t\tAdminstra\u00e7\u00e3o\nde&nbsp;condom\u00ednio\t\t\t\t\t\t<\/span>\n\t\t\t\t\t<\/h3>\n\t\t\t\t\n\t\t\t\t\t\t\t\t\t<p class=\"elementor-icon-box-description\">\n\t\t\t\t\t\tOferecemos uma gest\u00e3o condominial completa, transparente e eficiente, voltada para o bem-estar dos moradores e a valoriza\u00e7\u00e3o do patrim\u00f4nio coletivo. Atuamos com foco na organiza\u00e7\u00e3o financeira, cumprimento das obriga\u00e7\u00f5es legais e apoio direto ao s\u00edndico, sempre com responsabilidade e profissionalismo.\t\t\t\t\t<\/p>\n\t\t\t\t\n\t\t\t<\/div>\n\t\t\t\n\t\t<\/div>\n\t\t\t\t\t\t<\/div>\n\t\t\t\t<\/div>\n\t\t\t\t<div class=\"elementor-element elementor-element-c8df09b elementor-align-left elementor-widget__width-initial elementor-mobile-align-center button elementor-widget elementor-widget-button\" data-id=\"c8df09b\" data-element_type=\"widget\" data-widget_type=\"button.default\">\n\t\t\t\t<div class=\"elementor-widget-container\">\n\t\t\t\t\t\t\t\t\t<div class=\"elementor-button-wrapper\">\n\t\t\t\t\t<a class=\"elementor-button elementor-button-link elementor-size-sm\" href=\"#\">\n\t\t\t\t\t\t<span class=\"elementor-button-content-wrapper\">\n\t\t\t\t\t\t\t\t\t<span class=\"elementor-button-text\">Fale conosco<\/span>\n\t\t\t\t\t<\/span>\n\t\t\t\t\t<\/a>\n\t\t\t\t<\/div>\n\t\t\t\t\t\t\t\t<\/div>\n\t\t\t\t<\/div>\n\t\t\t\t<\/div>\n\t\t\t\t\t<\/div>\n\t\t\t\t<\/div>\n\t\t<div class=\"elementor-element elementor-element-d7d5704 e-flex e-con-boxed e-con e-parent\" data-id=\"d7d5704\" data-element_type=\"container\" data-settings=\"{&quot;_ha_eqh_enable&quot;:false}\">\n\t\t\t\t\t<div class=\"e-con-inner\">\n\t\t<div class=\"elementor-element elementor-element-418a47d e-con-full e-flex e-con e-child\" data-id=\"418a47d\" data-element_type=\"container\" data-settings=\"{&quot;background_background&quot;:&quot;classic&quot;,&quot;_ha_eqh_enable&quot;:false}\">\n\t\t\t\t<div class=\"elementor-element elementor-element-cd467ab elementor-widget elementor-widget-image\" data-id=\"cd467ab\" data-element_type=\"widget\" data-widget_type=\"image.default\">\n\t\t\t\t<div class=\"elementor-widget-container\">\n\t\t\t\t\t\t\t\t\t\t\t\t\t\t\t<img loading=\"lazy\" decoding=\"async\" width=\"464\" height=\"466\" src=\"https:\/\/renovassessoriacontabil.com.br\/wp-content\/uploads\/2025\/02\/Frame-13.png\" class=\"attachment-large size-large wp-image-132\" alt=\"\" srcset=\"https:\/\/renovassessoriacontabil.com.br\/wp-content\/uploads\/2025\/02\/Frame-13.png 464w, https:\/\/renovassessoriacontabil.com.br\/wp-content\/uploads\/2025\/02\/Frame-13-300x300.png 300w, https:\/\/renovassessoriacontabil.com.br\/wp-content\/uploads\/2025\/02\/Frame-13-150x150.png 150w\" sizes=\"(max-width: 464px) 100vw, 464px\" \/>\t\t\t\t\t\t\t\t\t\t\t\t\t\t\t<\/div>\n\t\t\t\t<\/div>\n\t\t\t\t<div class=\"elementor-element elementor-element-5181d1b elementor-widget__width-initial elementor-widget elementor-widget-icon-box\" data-id=\"5181d1b\" data-element_type=\"widget\" data-widget_type=\"icon-box.default\">\n\t\t\t\t<div class=\"elementor-widget-container\">\n\t\t\t\t\t\t\t<div class=\"elementor-icon-box-wrapper\">\n\n\t\t\t\n\t\t\t\t\t\t<div class=\"elementor-icon-box-content\">\n\n\t\t\t\t\t\t\t\t\t<h3 class=\"elementor-icon-box-title\">\n\t\t\t\t\t\t<span  >\n\t\t\t\t\t\t\tMigrar meu MEI para ME\t\t\t\t\t\t<\/span>\n\t\t\t\t\t<\/h3>\n\t\t\t\t\n\t\t\t\t\t\t\t\t\t<p class=\"elementor-icon-box-description\">\n\t\t\t\t\t\tCresceu e precisa sair do MEI? N\u00f3s cuidamos de todo o processo de migra\u00e7\u00e3o para ME com rapidez, orienta\u00e7\u00e3o e suporte completo para que voc\u00ea avance com seguran\u00e7a.\t\t\t\t\t<\/p>\n\t\t\t\t\n\t\t\t<\/div>\n\t\t\t\n\t\t<\/div>\n\t\t\t\t\t\t<\/div>\n\t\t\t\t<\/div>\n\t\t\t\t<div class=\"elementor-element elementor-element-db3e4c8 elementor-align-left elementor-widget__width-initial elementor-mobile-align-center button elementor-widget elementor-widget-button\" data-id=\"db3e4c8\" data-element_type=\"widget\" data-widget_type=\"button.default\">\n\t\t\t\t<div class=\"elementor-widget-container\">\n\t\t\t\t\t\t\t\t\t<div class=\"elementor-button-wrapper\">\n\t\t\t\t\t<a class=\"elementor-button elementor-button-link elementor-size-sm\" href=\"#\">\n\t\t\t\t\t\t<span class=\"elementor-button-content-wrapper\">\n\t\t\t\t\t\t\t\t\t<span class=\"elementor-button-text\">Fale conosco<\/span>\n\t\t\t\t\t<\/span>\n\t\t\t\t\t<\/a>\n\t\t\t\t<\/div>\n\t\t\t\t\t\t\t\t<\/div>\n\t\t\t\t<\/div>\n\t\t\t\t<\/div>\n\t\t\t\t\t<\/div>\n\t\t\t\t<\/div>\n\t\t\t\t<\/div>\n\t\t","protected":false},"excerpt":{"rendered":"<p>SERVI\u00c7OS Conhe\u00e7a todos as nossas solu\u00e7\u00f5es para a sua empresa Assessoria financeira estr\u00e1tegica Transformamos dados financeiros em decis\u00f5es assertivas. Com planejamento e an\u00e1lise especializada, ajudamos sua empresa a crescer com mais lucro, organiza\u00e7\u00e3o e vis\u00e3o de futuro. Fale conosco Imposto de Renda Evite erros e garanta sua restitui\u00e7\u00e3o m\u00e1xima. Cuidamos da sua declara\u00e7\u00e3o de Imposto [&hellip;]<\/p>\n","protected":false},"author":1,"featured_media":0,"parent":0,"menu_order":0,"comment_status":"closed","ping_status":"closed","template":"elementor_header_footer","meta":{"footnotes":""},"class_list":["post-182","page","type-page","status-publish","hentry"],"_links":{"self":[{"href":"https:\/\/renovassessoriacontabil.com.br\/index.php\/wp-json\/wp\/v2\/pages\/182","targetHints":{"allow":["GET"]}}],"collection":[{"href":"https:\/\/renovassessoriacontabil.com.br\/index.php\/wp-json\/wp\/v2\/pages"}],"about":[{"href":"https:\/\/renovassessoriacontabil.com.br\/index.php\/wp-json\/wp\/v2\/types\/page"}],"author":[{"embeddable":true,"href":"https:\/\/renovassessoriacontabil.com.br\/index.php\/wp-json\/wp\/v2\/users\/1"}],"replies":[{"embeddable":true,"href":"https:\/\/renovassessoriacontabil.com.br\/index.php\/wp-json\/wp\/v2\/comments?post=182"}],"version-history":[{"count":16,"href":"https:\/\/renovassessoriacontabil.com.br\/index.php\/wp-json\/wp\/v2\/pages\/182\/revisions"}],"predecessor-version":[{"id":237,"href":"https:\/\/renovassessoriacontabil.com.br\/index.php\/wp-json\/wp\/v2\/pages\/182\/revisions\/237"}],"wp:attachment":[{"href":"https:\/\/renovassessoriacontabil.com.br\/index.php\/wp-json\/wp\/v2\/media?parent=182"}],"curies":[{"name":"wp","href":"https:\/\/api.w.org\/{rel}","templated":true}]}}